{"id":2247,"date":"2018-02-21T10:44:20","date_gmt":"2018-02-21T09:44:20","guid":{"rendered":"http:\/\/www.parkgallanti.com\/buchungsbedingungen\/"},"modified":"2026-02-11T10:50:52","modified_gmt":"2026-02-11T09:50:52","slug":"buchungsbedingungen","status":"publish","type":"page","link":"https:\/\/www.parkgallanti.com\/de\/buchen\/buchungsbedingungen\/","title":{"rendered":"Buchungsbedingungen"},"content":{"rendered":"\t\t<div data-elementor-type=\"wp-post\" data-elementor-id=\"2247\" class=\"elementor elementor-2247 elementor-492\" data-elementor-post-type=\"page\">\n\t\t\t\t<div class=\"elementor-element elementor-element-9683bee e-con-full e-flex elementor-invisible e-con e-parent\" data-id=\"9683bee\" data-element_type=\"container\" data-settings=\"{&quot;background_background&quot;:&quot;classic&quot;,&quot;animation&quot;:&quot;fadeIn&quot;}\">\n\t\t\t\t<\/div>\n\t\t<div class=\"elementor-element elementor-element-cea12fe e-con-full e-flex e-con e-parent\" data-id=\"cea12fe\" data-element_type=\"container\">\n\t\t\t\t<div class=\"elementor-element elementor-element-2fa2c1e elementor-widget elementor-widget-spacer\" data-id=\"2fa2c1e\" data-element_type=\"widget\" data-widget_type=\"spacer.default\">\n\t\t\t\t<div class=\"elementor-widget-container\">\n\t\t\t\t\t\t\t<div class=\"elementor-spacer\">\n\t\t\t<div class=\"elementor-spacer-inner\"><\/div>\n\t\t<\/div>\n\t\t\t\t\t\t<\/div>\n\t\t\t\t<\/div>\n\t\t\t\t<div class=\"elementor-element elementor-element-06a61c5 elementor-widget elementor-widget-heading\" data-id=\"06a61c5\" data-element_type=\"widget\" data-widget_type=\"heading.default\">\n\t\t\t\t<div class=\"elementor-widget-container\">\n\t\t\t\t\t<h1 class=\"elementor-heading-title elementor-size-default\"> Buchungsbedingungen<\/h1>\t\t\t\t<\/div>\n\t\t\t\t<\/div>\n\t\t\t\t<div class=\"elementor-element elementor-element-55929ea elementor-widget elementor-widget-spacer\" data-id=\"55929ea\" data-element_type=\"widget\" data-widget_type=\"spacer.default\">\n\t\t\t\t<div class=\"elementor-widget-container\">\n\t\t\t\t\t\t\t<div class=\"elementor-spacer\">\n\t\t\t<div class=\"elementor-spacer-inner\"><\/div>\n\t\t<\/div>\n\t\t\t\t\t\t<\/div>\n\t\t\t\t<\/div>\n\t\t\t\t<div class=\"elementor-element elementor-element-3f02260 elementor-widget elementor-widget-html\" data-id=\"3f02260\" data-element_type=\"widget\" data-widget_type=\"html.default\">\n\t\t\t\t<div class=\"elementor-widget-container\">\n\t\t\t\t\t<style>\r\n  .condizioni h3 {\r\n    margin-top: 36px;\r\n    margin-bottom: 8px;\r\n  }\r\n\r\n  .cond-separator {\r\n    width: 60px;\r\n    height: 3px;\r\n    background-color: var(--e-global-color-accent);\r\n    margin: 0 0 16px 0;\r\n  }\r\n\r\n  .condizioni p {\r\n    margin: 0 0 12px 0;\r\n  }\r\n\r\n  .condizioni ul {\r\n    margin: 0 0 14px 20px;\r\n  }\r\n\r\n  .condizioni hr {\r\n    border: 0;\r\n    border-top: 1px solid var(--e-global-color-9e72dff);\r\n    margin: 36px 0;\r\n  }\r\n\r\n  .cond-num {\r\n    color: var(--e-global-color-accent);\r\n    font-weight: bold;\r\n  }\r\n<\/style>\t\t\t\t<\/div>\n\t\t\t\t<\/div>\n\t\t\t\t<div class=\"elementor-element elementor-element-589c623 elementor-widget elementor-widget-text-editor\" data-id=\"589c623\" data-element_type=\"widget\" data-widget_type=\"text-editor.default\">\n\t\t\t\t<div class=\"elementor-widget-container\">\n\t\t\t\t\t\t\t\t\t<div class=\"condizioni\">\n<h3>1 Buchungsmodalit\u00e4ten<\/h3>\n<div class=\"cond-separator\"><\/div>\n<p><span class=\"cond-num\">1.1.<\/span> Alle Wohneinheiten der Ferienanlage k\u00f6nnen wie folgt gebucht werden:<\/p>\n<ul>\n<li>Online-Buchung auf der Website der Ferienanlage oder \u00fcber verschiedene Buchungsplattformen;<\/li>\n<li>direkte Kontaktaufnahme per Telefon oder E-Mail mit dem Buchungsb\u00fcro der Ferienanlage.<\/li>\n<\/ul>\n<p><span class=\"cond-num\">1.2.<\/span> Vom 11.07. bis 05.09.2026 betr\u00e4gt der Mindestaufenthalt 7 Tage. An- und Abreisen sind ausschlie\u00dflich donnerstags, freitags, samstags und sonntags zul\u00e4ssig.<\/p>\n<p><span class=\"cond-num\">1.3.<\/span> Vom 15.05. bis 11.07.2026 und vom 05.09. bis 27.09.2026 sind auch Kurzaufenthalte und Wochenendaufenthalte gestattet. An- und Abreisen sind dann an allen Wochentagen m\u00f6glich.<\/p>\n<p><span class=\"cond-num\">1.4.<\/span> Bitte beachten: Im Feriendorf sind Haustiere nicht zugelassen, auch keine Kleintiere.<\/p>\n<hr \/>\n<h3>2 Aufenthaltswert<\/h3>\n<p><\/p>\n<div class=\"cond-separator\"><\/div>\n<p><span class=\"cond-num\">2.1.<\/span> Der Aufenthaltswert entspricht dem Preis des Aufenthalts.<\/p>\n<p><span class=\"cond-num\">2.2.<\/span> Der Aufenthaltswert kann durch eine Verf\u00fcgbarkeitspr\u00fcfung \u00fcber die Online-Buchung auf der Website der Ferienanlage ermittelt werden, oder auch durch eine E-Mail an das Buchungsb\u00fcro.<\/p>\n<p><span class=\"cond-num\">2.3.<\/span> Zus\u00e4tzliche Zuschl\u00e4ge oder Rabatte k\u00f6nnen je nach Verpflegungsart, Stornobedingungen, Buchungszeitpunkt oder im Rahmen von Aktionsangeboten angewendet werden.<\/p>\n<hr \/>\n<h3>3 Kaution und Buchungsgeb\u00fchr<\/h3>\n<p><\/p>\n<div class=\"cond-separator\"><\/div>\n<p><span class=\"cond-num\">3.1.<\/span> Bei der Buchung wird eine Kaution zur Sicherung der Buchung verlangt. Diese Kaution kann die Ferienanlage unter den nachstehend aufgef\u00fchrten Bedingungen einbehalten.<\/p>\n<p><span class=\"cond-num\">3.2.<\/span> Der Kautionsbetrag wird im Buchungsangebot angegeben und variiert je nach Aufenthaltswert.<\/p>\n<p><span class=\"cond-num\">3.3.<\/span> Bei Inanspruchnahme des Aufenthalts wird der eingezahlte Betrag vollst\u00e4ndig mit der Endabrechnung, die dem Aufenthaltswert entspricht, verrechnet.<\/p>\n<p><span class=\"cond-num\">3.4.<\/span> Bei Sondertarifen kann eine Vorauszahlung des gesamten oder teilweisen Aufenthaltswertes verlangt werden.<\/p>\n<p><span class=\"cond-num\">3.5.<\/span> Mit Ausnahme von Online-Buchungen auf der Website der Ferienanlage wird eine Buchungsgeb\u00fchr von 10,00 \u20ac erhoben, die bei der abschlie\u00dfenden Begleichung des Aufenthalts verrechnet wird.<\/p>\n<hr \/>\n<h3>4 Zahlung der Kaution<\/h3>\n<p><\/p>\n<div class=\"cond-separator\"><\/div>\n<p><span class=\"cond-num\">4.1.<\/span> Die Zahlungsfrist f\u00fcr die Kaution wird im Buchungsangebot angegeben und enth\u00e4lt die Angaben zu den Zahlungsmodalit\u00e4ten.<\/p>\n<p><span class=\"cond-num\">4.2.<\/span> Bei Online-Buchungen, sowohl auf der Website der Ferienanlage als auch \u00fcber andere Buchungsplattformen, ist eine sofortige Zahlung per Kreditkarte erforderlich.<\/p>\n<p><span class=\"cond-num\">4.3.<\/span> Die Buchung wird automatisch storniert, falls die Kaution nicht bis zum festgesetzten Termin eingeht oder das Online-Buchungsverfahren nicht abgeschlossen wird.<\/p>\n<hr \/>\n<h3>5 Best\u00e4tigung der Buchung<\/h3>\n<p><\/p>\n<div class=\"cond-separator\"><\/div>\n<p><span class=\"cond-num\">5.1.<\/span> Die Buchung gilt erst mit dem Erhalt der Buchungsbest\u00e4tigung durch den Gast als abgeschlossen und endg\u00fcltig.<\/p>\n<hr \/>\n<h3>6 \u00c4nderungen<\/h3>\n<p><\/p>\n<div class=\"cond-separator\"><\/div>\n<p><span class=\"cond-num\">6.1.<\/span> \u00c4nderungen der bereits gebuchten Aufenthaltszeitr\u00e4ume sind vorbehaltlich entsprechender Verf\u00fcgbarkeit zul\u00e4ssig, und zwar bis zu 14 Tage vor dem Anreisedatum bei Aufenthalten vom 15.05. bis 11.07.2026 und vom 05.09. bis 27.09.2026, und bis zu 30 Tage vor dem Anreisedatum bei Aufenthalten vom 11.07. bis 05.09.2026.<\/p>\n<p><span class=\"cond-num\">6.2.<\/span> Bei einer \u00c4nderung des Aufenthaltszeitraums kommt m\u00f6glicherweise ein anderer Tarif als der bei der Buchung best\u00e4tigte Tarif zur Anwendung.<\/p>\n<p><span class=\"cond-num\">6.3.<\/span> Im Falle einer \u00c4nderung beh\u00e4lt sich die Gesch\u00e4ftsleitung das Recht vor, eine andere Wohneinheit als die urspr\u00fcnglich gebuchte zuzuweisen.<\/p>\n<p><span class=\"cond-num\">6.4.<\/span> Eine versp\u00e4tete Anreise bis 13:00 Uhr des darauffolgenden Tages ist zul\u00e4ssig, sofern die Versp\u00e4tung per E-Mail bis 24:00 Uhr des vorgesehenen Anreisetages mitgeteilt wird. Ohne Mitteilung bis zu diesem Zeitpunkt erlischt die Buchung unabdingbar um 24:00 Uhr des vorgesehenen Anreisetages und es kommen die Bestimmungen von Punkt 7.2 zur Anwendung.<\/p>\n<p><span class=\"cond-num\">6.5.<\/span> Bei versp\u00e4teter Anreise, vorbehaltlich des vorstehenden Absatzes, bzw. bei vorzeitiger Abreise wird der Gesamtbetrag des gebuchten Aufenthalts in Rechnung gestellt, auch wenn die \u00c4nderung der Rezeption bei Ankunft vorab mitgeteilt wurde.<\/p>\n<p><span class=\"cond-num\">6.6.<\/span> Bei versp\u00e4teter Anreise bzw. vorzeitiger Abreise steht die Wohneinheit der Gesch\u00e4ftsleitung f\u00fcr den Zeitraum der Nichtnutzung durch den Gast vollst\u00e4ndig zur Verf\u00fcgung.<\/p>\n<hr \/>\n<h3>7 Stornierungen<\/h3>\n<p><\/p>\n<div class=\"cond-separator\"><\/div>\n<p><span class=\"cond-num\">7.1.<\/span> Eine schriftliche Stornierung durch den Gast per E-Mail an die Adresse <a href=\"mailto:gallanti@vacanze-natura.it\">gallanti@vacanze-natura.it<\/a>, die bei Aufenthalten vom 15.05. bis 11.07.2026 und vom 05.09. bis 27.09.2026 mindestens 14 Tage vor dem Anreisedatum und bei Aufenthalten vom 11.07. bis 05.09.2026 mindestens 30 Tage vor dem Anreisedatum eingegangen ist, berechtigt zur R\u00fcckerstattung der eingezahlten Kaution, jedoch abz\u00fcglich einer Geb\u00fchr von \u20ac 50,00.<\/p>\n<p><span class=\"cond-num\">7.2.<\/span> Wie auch in Punkt 6.4 vorgesehen, wird f\u00fcr Stornierungen au\u00dferhalb der oben genannten Fristen bzw. bei Nichterscheinung (No-Show) keine R\u00fcckerstattung gew\u00e4hrt. Die Kaution wird zur Entsch\u00e4digung f\u00fcr Sch\u00e4den und Unannehmlichkeiten, die sich aus der versp\u00e4teten Stornierung oder der Nichterscheinung ergeben, einbehalten.<\/p>\n<p><span class=\"cond-num\">7.3.<\/span> Es wird keine Ausnahme f\u00fcr Buchungen gemacht, die bei Aufenthalten vom 15.05. bis 11.07.2026 und vom 05.09. bis 27.09.2026 vierzehn Tage oder weniger vor dem Anreisedatum bzw. bei Aufenthalten vom 11.07. bis 05.09.2026 drei\u00dfig Tage oder weniger vor dem Anreisedatum get\u00e4tigt und best\u00e4tigt wurden.<\/p>\n<p><span class=\"cond-num\">7.4.<\/span> Abweichende Stornobedingungen k\u00f6nnen bei besonderen Tarif- oder Zahlungsbedingungen zur Anwendung kommen.<\/p>\n<p><span class=\"cond-num\">7.5.<\/span> Bei Stornierung der Buchung steht die Wohneinheit unabdingbar und vollst\u00e4ndig der Gesch\u00e4ftsleitung zur Verf\u00fcgung.<\/p>\n<p><span class=\"cond-num\">7.6.<\/span> Es empfiehlt sich, eine Reiser\u00fccktrittsversicherung abzuschlie\u00dfen.<\/p>\n<p><span class=\"cond-num\">7.7.<\/span> Die vorstehenden Bestimmungen betreffen ausschlie\u00dflich F\u00e4lle von Widerruf\/R\u00fccktritt\/Stornierung durch den Gast.<\/p>\n<hr \/>\n<h3>8 Check-in<\/h3>\n<p><\/p>\n<div class=\"cond-separator\"><\/div>\n<p><span class=\"cond-num\">8.1.<\/span> Der Gast wird gebeten, das Online-Check-in mindestens 24 Stunden vor der Ankunft in der Ferienanlage auszuf\u00fcllen, indem er auf sein Kundenkonto zugreift.<\/p>\n<p><span class=\"cond-num\">8.2.<\/span> Die M\u00f6glichkeit zum Online-Check-in besteht, sobald die Buchungsbest\u00e4tigung verf\u00fcgbar ist.<\/p>\n<p><span class=\"cond-num\">8.3.<\/span> Bei Ankunft in der Ferienanlage hat der Gast folgende Dokumente an der Rezeption vorzulegen:<\/p>\n<ul>\n<li>g\u00fcltiger Personalausweis f\u00fcr jedes Mitglied der Gruppe;<\/li>\n<li>Buchungsbest\u00e4tigung;<\/li>\n<li>Kennzeichen des Fahrzeugs, mit dem die Ferienanlage befahren wird.<\/li>\n<\/ul>\n<p><span class=\"cond-num\">8.4.<\/span> Bei der Registrierung wird jedem Gast ein Armband ausgegeben, das den Zugang zur Ferienanlage erm\u00f6glicht und w\u00e4hrend des gesamten Aufenthalts zu tragen ist.<\/p>\n<p><span class=\"cond-num\">8.5.<\/span> Die Schl\u00fcssel\u00fcbergabe der Wohneinheit ist bis 16:00 Uhr des Anreisetages vorgesehen. Die Dienste der Ferienanlage (Strandzugang, Zugang zu den Pools usw.) k\u00f6nnen bereits ab dem Morgen nach Abschluss des Check-in und nach dem Anlegen der Armb\u00e4nder in Anspruch genommen werden.<\/p>\n<p><span class=\"cond-num\">8.6.<\/span> Der Gast ist verpflichtet, beim ersten Zugang zur Wohneinheit und w\u00e4hrend des Aufenthalts etwaige M\u00e4ngel, Besch\u00e4digungen, Funktionsst\u00f6rungen oder Fehlbest\u00e4nde umgehend der Rezeption zu melden, um eine prompte Behebung zu gew\u00e4hrleisten.<\/p>\n<hr \/>\n<h3>9 Begleichung des Aufenthalts<\/h3>\n<p><\/p>\n<div class=\"cond-separator\"><\/div>\n<p><span class=\"cond-num\">9.1.<\/span> Die abschlie\u00dfende Begleichung des gebuchten Aufenthalts hat am Anreisetag w\u00e4hrend des Check-in zu erfolgen.<\/p>\n<p><span class=\"cond-num\">9.2.<\/span> Anzahlungen auf den Aufenthaltswert k\u00f6nnen ausschlie\u00dflich w\u00e4hrend der Anwesenheit in der Ferienanlage an der Kasse eingezahlt werden. Zahlungen k\u00f6nnen per Visa- oder Mastercard-Kreditkarte, Geldkarte oder in bar bis zur in Italien gesetzlich zul\u00e4ssigen H\u00f6chstgrenze erfolgen.<\/p>\n<p><span class=\"cond-num\">9.3.<\/span> Wir empfehlen unseren G\u00e4sten, vor der Ankunft die Limits ihrer Kreditkarten oder Debitkarten zu \u00fcberpr\u00fcfen. Eine Zahlung per Bank\u00fcberweisung ist nur zul\u00e4ssig, wenn diese mindestens 5 Arbeitstage vor der tats\u00e4chlichen Abreise mit der Kasse vereinbart wurde und sofern keine weiteren \u00c4nderungen des Aufenthalts erfolgen.<\/p>\n<p><span class=\"cond-num\">9.4.<\/span> Bei der abschlie\u00dfenden Begleichung ist der Gast verpflichtet, auch die Kurtaxe zu zahlen.<\/p>\n<hr \/>\n<h3>10 Check-out<\/h3>\n<p><\/p>\n<div class=\"cond-separator\"><\/div>\n<p><span class=\"cond-num\">10.1.<\/span> Am Abreisetag ist der Gast verpflichtet, die Wohneinheit bis 9:00 Uhr zu r\u00e4umen, sich in der Rezeption zur Schl\u00fcssel\u00fcbergabe zu melden und die Ferienanlage samt seines Fahrzeugs zu verlassen. Die Inanspruchnahme der Dienste endet um 9:00 Uhr des Abreisetags.<\/p>\n<p><span class=\"cond-num\">10.2.<\/span> Der Gast, der eine Wohneinheit belegt, wird gebeten, nach Ende des Aufenthalts den Abfall zu entsorgen und den K\u00fchlschrank zu leeren.<\/p>\n<hr \/>\n<h3>11 G\u00fcltigkeit der Bedingungen<\/h3>\n<p><\/p>\n<div class=\"cond-separator\"><\/div>\n<p>Die vorliegenden Bedingungen beziehen sich auf die Saison 2026. Die vorherigen Bedingungen sind hiermit aufgehoben.<\/p>\n<\/div>\n<p><\/p>\n\t\t\t\t\t\t\t\t<\/div>\n\t\t\t\t<\/div>\n\t\t\t\t<div class=\"elementor-element elementor-element-67467fb elementor-widget elementor-widget-spacer\" data-id=\"67467fb\" data-element_type=\"widget\" data-widget_type=\"spacer.default\">\n\t\t\t\t<div class=\"elementor-widget-container\">\n\t\t\t\t\t\t\t<div class=\"elementor-spacer\">\n\t\t\t<div class=\"elementor-spacer-inner\"><\/div>\n\t\t<\/div>\n\t\t\t\t\t\t<\/div>\n\t\t\t\t<\/div>\n\t\t\t\t<\/div>\n\t\t\t\t<\/div>\n\t\t","protected":false},"excerpt":{"rendered":"<p>Buchungsbedingungen 1 Buchungsmodalit\u00e4ten 1.1. Alle Wohneinheiten der Ferienanlage k\u00f6nnen wie folgt gebucht werden: Online-Buchung auf der Website der Ferienanlage oder \u00fcber verschiedene Buchungsplattformen; direkte Kontaktaufnahme per Telefon oder E-Mail mit dem Buchungsb\u00fcro der Ferienanlage. 1.2. Vom 11.07. bis 05.09.2026 betr\u00e4gt der Mindestaufenthalt 7 Tage. An- und Abreisen sind ausschlie\u00dflich donnerstags, freitags, samstags und sonntags zul\u00e4ssig. [&hellip;]<\/p>\n","protected":false},"author":1,"featured_media":0,"parent":2329,"menu_order":2,"comment_status":"closed","ping_status":"closed","template":"","meta":{"_acf_changed":false,"footnotes":""},"class_list":["post-2247","page","type-page","status-publish","hentry"],"acf":[],"yoast_head":"<!-- This site is optimized with the Yoast SEO plugin v26.9 - https:\/\/yoast.com\/product\/yoast-seo-wordpress\/ -->\n<title>Buchungsbedingungen - Park Gallanti<\/title>\n<meta name=\"description\" content=\"Informieren Sie sich \u00fcber die Buchungsbedingungen von Park Gallanti 2025: flexible Aufenthalte, Anzahlungen, Stornierungen und vereinfachter Check-in. Jetzt lesen!\" \/>\n<meta name=\"robots\" content=\"index, follow, max-snippet:-1, max-image-preview:large, max-video-preview:-1\" \/>\n<link rel=\"canonical\" href=\"https:\/\/www.parkgallanti.com\/de\/buchen\/buchungsbedingungen\/\" \/>\n<meta property=\"og:locale\" content=\"de_DE\" \/>\n<meta property=\"og:type\" content=\"article\" \/>\n<meta property=\"og:title\" content=\"Buchungsbedingungen - Park Gallanti\" \/>\n<meta property=\"og:description\" content=\"Informieren Sie sich \u00fcber die Buchungsbedingungen von Park Gallanti 2025: flexible Aufenthalte, Anzahlungen, Stornierungen und vereinfachter Check-in. Jetzt lesen!\" \/>\n<meta property=\"og:url\" content=\"https:\/\/www.parkgallanti.com\/de\/buchen\/buchungsbedingungen\/\" \/>\n<meta property=\"og:site_name\" content=\"Park Gallanti\" \/>\n<meta property=\"article:publisher\" content=\"https:\/\/www.facebook.com\/parkgallantivillage\/\" \/>\n<meta property=\"article:modified_time\" content=\"2026-02-11T09:50:52+00:00\" \/>\n<meta name=\"twitter:card\" content=\"summary_large_image\" \/>\n<script type=\"application\/ld+json\" class=\"yoast-schema-graph\">{\"@context\":\"https:\/\/schema.org\",\"@graph\":[{\"@type\":\"WebPage\",\"@id\":\"https:\/\/www.parkgallanti.com\/de\/buchen\/buchungsbedingungen\/\",\"url\":\"https:\/\/www.parkgallanti.com\/de\/buchen\/buchungsbedingungen\/\",\"name\":\"Buchungsbedingungen - Park Gallanti\",\"isPartOf\":{\"@id\":\"https:\/\/www.parkgallanti.com\/de\/#website\"},\"datePublished\":\"2018-02-21T09:44:20+00:00\",\"dateModified\":\"2026-02-11T09:50:52+00:00\",\"description\":\"Informieren Sie sich \u00fcber die Buchungsbedingungen von Park Gallanti 2025: flexible Aufenthalte, Anzahlungen, Stornierungen und vereinfachter Check-in. Jetzt lesen!\",\"breadcrumb\":{\"@id\":\"https:\/\/www.parkgallanti.com\/de\/buchen\/buchungsbedingungen\/#breadcrumb\"},\"inLanguage\":\"de\",\"potentialAction\":[{\"@type\":\"ReadAction\",\"target\":[\"https:\/\/www.parkgallanti.com\/de\/buchen\/buchungsbedingungen\/\"]}]},{\"@type\":\"BreadcrumbList\",\"@id\":\"https:\/\/www.parkgallanti.com\/de\/buchen\/buchungsbedingungen\/#breadcrumb\",\"itemListElement\":[{\"@type\":\"ListItem\",\"position\":1,\"name\":\"Home\",\"item\":\"https:\/\/www.parkgallanti.com\/de\/\"},{\"@type\":\"ListItem\",\"position\":2,\"name\":\"Buchen\",\"item\":\"https:\/\/www.parkgallanti.com\/de\/buchen\/\"},{\"@type\":\"ListItem\",\"position\":3,\"name\":\"Buchungsbedingungen\"}]},{\"@type\":\"WebSite\",\"@id\":\"https:\/\/www.parkgallanti.com\/de\/#website\",\"url\":\"https:\/\/www.parkgallanti.com\/de\/\",\"name\":\"Park Gallanti\",\"description\":\"Camping - Lido di Pomposa - Park Gallanti\",\"publisher\":{\"@id\":\"https:\/\/www.parkgallanti.com\/de\/#organization\"},\"potentialAction\":[{\"@type\":\"SearchAction\",\"target\":{\"@type\":\"EntryPoint\",\"urlTemplate\":\"https:\/\/www.parkgallanti.com\/de\/?s={search_term_string}\"},\"query-input\":{\"@type\":\"PropertyValueSpecification\",\"valueRequired\":true,\"valueName\":\"search_term_string\"}}],\"inLanguage\":\"de\"},{\"@type\":\"Organization\",\"@id\":\"https:\/\/www.parkgallanti.com\/de\/#organization\",\"name\":\"Park Gallanti\",\"url\":\"https:\/\/www.parkgallanti.com\/de\/\",\"logo\":{\"@type\":\"ImageObject\",\"inLanguage\":\"de\",\"@id\":\"https:\/\/www.parkgallanti.com\/de\/#\/schema\/logo\/image\/\",\"url\":\"https:\/\/www.parkgallanti.com\/wp-content\/uploads\/2021\/03\/logo-orizontale-misto.svg\",\"contentUrl\":\"https:\/\/www.parkgallanti.com\/wp-content\/uploads\/2021\/03\/logo-orizontale-misto.svg\",\"caption\":\"Park Gallanti\"},\"image\":{\"@id\":\"https:\/\/www.parkgallanti.com\/de\/#\/schema\/logo\/image\/\"},\"sameAs\":[\"https:\/\/www.facebook.com\/parkgallantivillage\/\",\"https:\/\/www.instagram.com\/parkgallantivillage\/\",\"https:\/\/www.youtube.com\/channel\/UCrAlvn_n-v15qnk_lR-ZUWA\"]}]}<\/script>\n<!-- \/ Yoast SEO plugin. -->","yoast_head_json":{"title":"Buchungsbedingungen - Park Gallanti","description":"Informieren Sie sich \u00fcber die Buchungsbedingungen von Park Gallanti 2025: flexible Aufenthalte, Anzahlungen, Stornierungen und vereinfachter Check-in. Jetzt lesen!","robots":{"index":"index","follow":"follow","max-snippet":"max-snippet:-1","max-image-preview":"max-image-preview:large","max-video-preview":"max-video-preview:-1"},"canonical":"https:\/\/www.parkgallanti.com\/de\/buchen\/buchungsbedingungen\/","og_locale":"de_DE","og_type":"article","og_title":"Buchungsbedingungen - Park Gallanti","og_description":"Informieren Sie sich \u00fcber die Buchungsbedingungen von Park Gallanti 2025: flexible Aufenthalte, Anzahlungen, Stornierungen und vereinfachter Check-in. Jetzt lesen!","og_url":"https:\/\/www.parkgallanti.com\/de\/buchen\/buchungsbedingungen\/","og_site_name":"Park Gallanti","article_publisher":"https:\/\/www.facebook.com\/parkgallantivillage\/","article_modified_time":"2026-02-11T09:50:52+00:00","twitter_card":"summary_large_image","schema":{"@context":"https:\/\/schema.org","@graph":[{"@type":"WebPage","@id":"https:\/\/www.parkgallanti.com\/de\/buchen\/buchungsbedingungen\/","url":"https:\/\/www.parkgallanti.com\/de\/buchen\/buchungsbedingungen\/","name":"Buchungsbedingungen - Park Gallanti","isPartOf":{"@id":"https:\/\/www.parkgallanti.com\/de\/#website"},"datePublished":"2018-02-21T09:44:20+00:00","dateModified":"2026-02-11T09:50:52+00:00","description":"Informieren Sie sich \u00fcber die Buchungsbedingungen von Park Gallanti 2025: flexible Aufenthalte, Anzahlungen, Stornierungen und vereinfachter Check-in. Jetzt lesen!","breadcrumb":{"@id":"https:\/\/www.parkgallanti.com\/de\/buchen\/buchungsbedingungen\/#breadcrumb"},"inLanguage":"de","potentialAction":[{"@type":"ReadAction","target":["https:\/\/www.parkgallanti.com\/de\/buchen\/buchungsbedingungen\/"]}]},{"@type":"BreadcrumbList","@id":"https:\/\/www.parkgallanti.com\/de\/buchen\/buchungsbedingungen\/#breadcrumb","itemListElement":[{"@type":"ListItem","position":1,"name":"Home","item":"https:\/\/www.parkgallanti.com\/de\/"},{"@type":"ListItem","position":2,"name":"Buchen","item":"https:\/\/www.parkgallanti.com\/de\/buchen\/"},{"@type":"ListItem","position":3,"name":"Buchungsbedingungen"}]},{"@type":"WebSite","@id":"https:\/\/www.parkgallanti.com\/de\/#website","url":"https:\/\/www.parkgallanti.com\/de\/","name":"Park Gallanti","description":"Camping - Lido di Pomposa - Park Gallanti","publisher":{"@id":"https:\/\/www.parkgallanti.com\/de\/#organization"},"potentialAction":[{"@type":"SearchAction","target":{"@type":"EntryPoint","urlTemplate":"https:\/\/www.parkgallanti.com\/de\/?s={search_term_string}"},"query-input":{"@type":"PropertyValueSpecification","valueRequired":true,"valueName":"search_term_string"}}],"inLanguage":"de"},{"@type":"Organization","@id":"https:\/\/www.parkgallanti.com\/de\/#organization","name":"Park Gallanti","url":"https:\/\/www.parkgallanti.com\/de\/","logo":{"@type":"ImageObject","inLanguage":"de","@id":"https:\/\/www.parkgallanti.com\/de\/#\/schema\/logo\/image\/","url":"https:\/\/www.parkgallanti.com\/wp-content\/uploads\/2021\/03\/logo-orizontale-misto.svg","contentUrl":"https:\/\/www.parkgallanti.com\/wp-content\/uploads\/2021\/03\/logo-orizontale-misto.svg","caption":"Park Gallanti"},"image":{"@id":"https:\/\/www.parkgallanti.com\/de\/#\/schema\/logo\/image\/"},"sameAs":["https:\/\/www.facebook.com\/parkgallantivillage\/","https:\/\/www.instagram.com\/parkgallantivillage\/","https:\/\/www.youtube.com\/channel\/UCrAlvn_n-v15qnk_lR-ZUWA"]}]}},"_links":{"self":[{"href":"https:\/\/www.parkgallanti.com\/de\/wp-json\/wp\/v2\/pages\/2247","targetHints":{"allow":["GET"]}}],"collection":[{"href":"https:\/\/www.parkgallanti.com\/de\/wp-json\/wp\/v2\/pages"}],"about":[{"href":"https:\/\/www.parkgallanti.com\/de\/wp-json\/wp\/v2\/types\/page"}],"author":[{"embeddable":true,"href":"https:\/\/www.parkgallanti.com\/de\/wp-json\/wp\/v2\/users\/1"}],"replies":[{"embeddable":true,"href":"https:\/\/www.parkgallanti.com\/de\/wp-json\/wp\/v2\/comments?post=2247"}],"version-history":[{"count":10,"href":"https:\/\/www.parkgallanti.com\/de\/wp-json\/wp\/v2\/pages\/2247\/revisions"}],"predecessor-version":[{"id":28132,"href":"https:\/\/www.parkgallanti.com\/de\/wp-json\/wp\/v2\/pages\/2247\/revisions\/28132"}],"up":[{"embeddable":true,"href":"https:\/\/www.parkgallanti.com\/de\/wp-json\/wp\/v2\/pages\/2329"}],"wp:attachment":[{"href":"https:\/\/www.parkgallanti.com\/de\/wp-json\/wp\/v2\/media?parent=2247"}],"curies":[{"name":"wp","href":"https:\/\/api.w.org\/{rel}","templated":true}]}}