{"id":2235,"date":"2018-02-21T10:46:00","date_gmt":"2018-02-21T09:46:00","guid":{"rendered":"http:\/\/www.parkgallanti.com\/mappe\/"},"modified":"2025-05-30T09:27:20","modified_gmt":"2025-05-30T07:27:20","slug":"lageplan","status":"publish","type":"page","link":"https:\/\/www.parkgallanti.com\/de\/buchen\/lageplan\/","title":{"rendered":"Mappe"},"content":{"rendered":"\t\t<div data-elementor-type=\"wp-post\" data-elementor-id=\"2235\" class=\"elementor elementor-2235 elementor-499\" data-elementor-post-type=\"page\">\n\t\t\t\t\t\t<section class=\"elementor-section elementor-top-section elementor-element elementor-element-433f102 elementor-hidden-desktop elementor-hidden-tablet elementor-hidden-phone elementor-section-boxed elementor-section-height-default elementor-section-height-default\" data-id=\"433f102\" data-element_type=\"section\">\n\t\t\t\t\t\t<div class=\"elementor-container elementor-column-gap-wider\">\n\t\t\t\t\t<div class=\"elementor-column elementor-col-100 elementor-top-column elementor-element elementor-element-0f08950\" data-id=\"0f08950\" data-element_type=\"column\">\n\t\t\t<div class=\"elementor-widget-wrap elementor-element-populated\">\n\t\t\t\t\t\t<div class=\"elementor-element elementor-element-b2abb61 elementor-widget elementor-widget-heading\" data-id=\"b2abb61\" data-element_type=\"widget\" data-widget_type=\"heading.default\">\n\t\t\t\t<div class=\"elementor-widget-container\">\n\t\t\t\t\t<h2 class=\"elementor-heading-title elementor-size-default\">Mappe<\/h2>\t\t\t\t<\/div>\n\t\t\t\t<\/div>\n\t\t\t\t\t<\/div>\n\t\t<\/div>\n\t\t\t\t\t<\/div>\n\t\t<\/section>\n\t\t\t\t<section class=\"elementor-section elementor-top-section elementor-element elementor-element-4471edd elementor-section-boxed elementor-section-height-default elementor-section-height-default\" data-id=\"4471edd\" data-element_type=\"section\">\n\t\t\t\t\t\t<div class=\"elementor-container elementor-column-gap-default\">\n\t\t\t\t\t<div class=\"elementor-column elementor-col-100 elementor-top-column elementor-element elementor-element-bda600a\" data-id=\"bda600a\" data-element_type=\"column\">\n\t\t\t<div class=\"elementor-widget-wrap elementor-element-populated\">\n\t\t\t\t\t\t<div class=\"elementor-element elementor-element-c318f5e elementor-widget elementor-widget-shortcode\" data-id=\"c318f5e\" data-element_type=\"widget\" data-widget_type=\"shortcode.default\">\n\t\t\t\t<div class=\"elementor-widget-container\">\n\t\t\t\t\t\t\t<div class=\"elementor-shortcode\"><div id=\"smoothZoomContainer\"><div class=\"elementor-element e-flex e-con-boxed e-con e-parent e-lazyloaded\" data-element_type=\"container\">\r\n        <div class=\"e-con-inner\">\r\n            <div class=\"elementor-element elementor-widget elementor-widget-image\" data-element_type=\"widget\" data-widget_type=\"image.default\">\r\n\t\t\t\t<div class=\"elementor-widget-container\">\r\n                    <img decoding=\"async\" src=\"\/wp-content\/uploads\/2026\/02\/Park-Gallanti-Piantina-02.2026.jpg?v=11022026\" data-width=\"1500\" data-height=\"1023\" id=\"imageMap\" \/>\r\n                <\/div>\r\n            <\/div>\r\n        <\/div>\r\n    <\/div>\r\n    <div class=\"elementor-element map-columns e-grid e-con-boxed e-con e-parent e-lazyloaded\" data-element_type=\"container\">\r\n        <div class=\"e-con-inner\">\r\n            <div class=\"map-alloggi elementor-element elementor-widget elementor-widget-text-editor\" data-element_type=\"widget\" data-widget_type=\"text-editor.default\">\r\n                <div class=\"elementor-widget-container\"><style>.custom-accordion-at1573 { --n-accordion-title-font-size: 1rem; --n-accordion-title-justify-content: initial; --n-accordion-title-flex-grow: initial; --n-accordion-title-icon-order: -1; --n-accordion-item-title-space-between: 0px; --n-accordion-item-title-distance-from-content: 0px; --n-accordion-icon-size: 15px; }\n.custom-accordion-at1573 > .elementor-widget-container > .e-n-accordion > .e-n-accordion-item > .e-n-accordion-item-title { border-style: none; border-bottom:1px solid }\n.custom-accordion-at1573 > .elementor-widget-container > .e-n-accordion > .e-n-accordion-item > .e-con { border-style: none; } \n.custom-accordion-at1573.elementor-widget-n-accordion .e-n-accordion-item-title-text { font-size: 1rem; }\n.custom-accordion-at1573.elementor-widget-n-accordion .e-n-accordion-item-title-icon { line-height: 1rem; }\n<\/style><div class=\"custom-accordion-at1573 elementor-element elementor-widget elementor-widget-n-accordion\" data-element_type=\"widget\" data-settings=\"{&quot;default_state&quot;:&quot;all_collapsed&quot;,&quot;n_accordion_animation_duration&quot;:{&quot;unit&quot;:&quot;ms&quot;,&quot;size&quot;:200,&quot;sizes&quot;:[]},&quot;max_items_expended&quot;:&quot;one&quot;}\" data-widget_type=\"nested-accordion.default\"><div class=\"elementor-widget-container\"><div class=\"e-n-accordion\"><details id=\"acc-alloggi\" class=\"e-n-accordion-item\"><summary class=\"e-n-accordion-item-title\" data-accordion-index=\"1\" tabindex=\"0\" aria-expanded=\"false\" aria-controls=\"acc-alloggi\"><span class=\"e-n-accordion-item-title-header\"><div class=\"e-n-accordion-item-title-text\"><div>Wohneinheiten<\/div><\/div><\/span><span class=\"e-n-accordion-item-title-icon\"><span class=\"e-opened\">-<\/span><span class=\"e-closed\">+<\/span><\/span><\/summary><div role=\"region\" aria-labelledby=\"e-n-accordion-item-2660\" class=\"elementor-element e-con-full e-flex e-con e-child\" data-element_type=\"container\"><div class=\"elementor-element elementor-widget elementor-widget-text-editor\" data-element_type=\"widget\" data-widget_type=\"text-editor.default\"><div class=\"elementor-widget-container\"><div class=\"unitsContainer\">\r\n        <div class=\"icon icon-bungalowmare\" data-x=\"760\" data-y=\"400\" data-zoom=\"130\"><div class=\"img\"><\/div><div class=\"txt\">Bungalow Mare<\/div><\/div>\r\n        <div class=\"icon icon-bungalowsole\" data-x=\"1000\" data-y=\"500\" data-zoom=\"150\"><div class=\"img\"><\/div><div class=\"txt\">Bungalow Sole<\/div><\/div>\r\n        <div class=\"icon icon-bungalowcomfort\" data-x=\"490\" data-y=\"230\" data-zoom=\"150\"><div class=\"img\"><\/div><div class=\"txt\">Bungalow Comfort <sup>new<\/sup><\/div><\/div>\r\n        <div class=\"icon icon-studiomare\" data-x=\"286\" data-y=\"470\" data-zoom=\"200\"><div class=\"img\"><\/div><div class=\"txt\">Studio Mare <small>(57B - 58B)<\/small><\/div><\/div>\r\n        <div class=\"icon icon-villettalux\" data-x=\"800\" data-y=\"628\" data-zoom=\"200\"><div class=\"img\"><\/div><div class=\"txt\">Villetta Lux<\/div><\/div>\r\n        <div class=\"icon icon-studiocomfort\" data-x=\"595\" data-y=\"570\" data-zoom=\"200\"><div class=\"img\"><\/div><div class=\"txt\">Studio Comfort<\/div><\/div>\r\n        <div class=\"icon icon-chaletliving\" data-x=\"465\" data-y=\"300\" data-zoom=\"200\"><div class=\"img\"><\/div><div class=\"txt\">Chalet Living<\/div><\/div>\r\n        <div class=\"icon icon-doppia\" data-x=\"760\" data-y=\"400\" data-zoom=\"130\"><div class=\"img\"><\/div><div class=\"txt\">Doppia <small>(77B - 47B)<\/small> <sup>new<\/sup><\/div><\/div>\r\n    <\/div><\/div><\/div><\/div><\/details><\/div><\/div><\/div><\/div>\r\n            <\/div>\r\n            <div class=\"elementor-element elementor-widget elementor-widget-text-editor\" data-element_type=\"widget\" data-widget_type=\"text-editor.default\">\r\n                <div class=\"elementor-widget-container\"><style>.custom-accordion-at3424 { --n-accordion-title-font-size: 1rem; --n-accordion-title-justify-content: initial; --n-accordion-title-flex-grow: initial; --n-accordion-title-icon-order: -1; --n-accordion-item-title-space-between: 0px; --n-accordion-item-title-distance-from-content: 0px; --n-accordion-icon-size: 15px; }\n.custom-accordion-at3424 > .elementor-widget-container > .e-n-accordion > .e-n-accordion-item > .e-n-accordion-item-title { border-style: none; border-bottom:1px solid }\n.custom-accordion-at3424 > .elementor-widget-container > .e-n-accordion > .e-n-accordion-item > .e-con { border-style: none; } \n.custom-accordion-at3424.elementor-widget-n-accordion .e-n-accordion-item-title-text { font-size: 1rem; }\n.custom-accordion-at3424.elementor-widget-n-accordion .e-n-accordion-item-title-icon { line-height: 1rem; }\n<\/style><div class=\"custom-accordion-at3424 elementor-element elementor-widget elementor-widget-n-accordion\" data-element_type=\"widget\" data-settings=\"{&quot;default_state&quot;:&quot;all_collapsed&quot;,&quot;n_accordion_animation_duration&quot;:{&quot;unit&quot;:&quot;ms&quot;,&quot;size&quot;:200,&quot;sizes&quot;:[]},&quot;max_items_expended&quot;:&quot;one&quot;}\" data-widget_type=\"nested-accordion.default\"><div class=\"elementor-widget-container\"><div class=\"e-n-accordion\"><details id=\"acc-alloggi\" class=\"e-n-accordion-item\"><summary class=\"e-n-accordion-item-title\" data-accordion-index=\"1\" tabindex=\"0\" aria-expanded=\"false\" aria-controls=\"acc-alloggi\"><span class=\"e-n-accordion-item-title-header\"><div class=\"e-n-accordion-item-title-text\"><div>Einrichtungen und Service<\/div><\/div><\/span><span class=\"e-n-accordion-item-title-icon\"><span class=\"e-opened\">-<\/span><span class=\"e-closed\">+<\/span><\/span><\/summary><div role=\"region\" aria-labelledby=\"e-n-accordion-item-2660\" class=\"elementor-element e-con-full e-flex e-con e-child\" data-element_type=\"container\"><div class=\"elementor-element elementor-widget elementor-widget-text-editor\" data-element_type=\"widget\" data-widget_type=\"text-editor.default\"><div class=\"elementor-widget-container\"><div class=\"unitsContainer iconsContainer\">\r\n        <div class=\"icon icon-parcheggi\" data-x=\"228\" data-y=\"570\" data-zoom=\"135\"><div class=\"img\"><\/div><div class=\"txt\">Parkpl\u00e4tze<\/div><\/div>\r\n        <div class=\"icon icon-lavatrici\" data-x=\"530\" data-y=\"515\" data-zoom=\"200\"><div class=\"img\"><\/div><div class=\"txt\">Waschmaschinen<\/div><\/div>\r\n        <div class=\"icon icon-docce\" data-x=\"1235\" data-y=\"590\" data-zoom=\"200\"><div class=\"img\"><\/div><div class=\"txt\">Duschen<\/div><\/div>\r\n        <div class=\"icon icon-idrante\" data-x=\"685\" data-y=\"460\" data-zoom=\"130\"><div class=\"img\"><\/div><div class=\"txt\">Hydrant<\/div><\/div>\r\n        <div class=\"icon icon-estintore\" data-x=\"650\" data-y=\"350\" data-zoom=\"120\"><div class=\"img\"><\/div><div class=\"txt\">Feuerl\u00f6scher<\/div><\/div>\r\n        <div class=\"icon icon-recycling-zone\" data-x=\"585\" data-y=\"420\" data-zoom=\"250\"><div class=\"img\"><\/div><div class=\"txt\">Recycling Zone<\/div><\/div>\r\n    <\/div><\/div><\/div><\/div><\/details><\/div><\/div><\/div><\/div>\r\n            <\/div>\r\n            <div class=\"map-area elementor-element elementor-widget elementor-widget-text-editor\" data-element_type=\"widget\" data-widget_type=\"text-editor.default\">\r\n                <div class=\"elementor-widget-container\"><style>.custom-accordion-at5980 { --n-accordion-title-font-size: 1rem; --n-accordion-title-justify-content: initial; --n-accordion-title-flex-grow: initial; --n-accordion-title-icon-order: -1; --n-accordion-item-title-space-between: 0px; --n-accordion-item-title-distance-from-content: 0px; --n-accordion-icon-size: 15px; }\n.custom-accordion-at5980 > .elementor-widget-container > .e-n-accordion > .e-n-accordion-item > .e-n-accordion-item-title { border-style: none; border-bottom:1px solid }\n.custom-accordion-at5980 > .elementor-widget-container > .e-n-accordion > .e-n-accordion-item > .e-con { border-style: none; } \n.custom-accordion-at5980.elementor-widget-n-accordion .e-n-accordion-item-title-text { font-size: 1rem; }\n.custom-accordion-at5980.elementor-widget-n-accordion .e-n-accordion-item-title-icon { line-height: 1rem; }\n<\/style><div class=\"custom-accordion-at5980 elementor-element elementor-widget elementor-widget-n-accordion\" data-element_type=\"widget\" data-settings=\"{&quot;default_state&quot;:&quot;all_collapsed&quot;,&quot;n_accordion_animation_duration&quot;:{&quot;unit&quot;:&quot;ms&quot;,&quot;size&quot;:200,&quot;sizes&quot;:[]},&quot;max_items_expended&quot;:&quot;one&quot;}\" data-widget_type=\"nested-accordion.default\"><div class=\"elementor-widget-container\"><div class=\"e-n-accordion\"><details id=\"acc-alloggi\" class=\"e-n-accordion-item\"><summary class=\"e-n-accordion-item-title\" data-accordion-index=\"1\" tabindex=\"0\" aria-expanded=\"false\" aria-controls=\"acc-alloggi\"><span class=\"e-n-accordion-item-title-header\"><div class=\"e-n-accordion-item-title-text\"><div>Area<\/div><\/div><\/span><span class=\"e-n-accordion-item-title-icon\"><span class=\"e-opened\">-<\/span><span class=\"e-closed\">+<\/span><\/span><\/summary><div role=\"region\" aria-labelledby=\"e-n-accordion-item-2660\" class=\"elementor-element e-con-full e-flex e-con e-child\" data-element_type=\"container\"><div class=\"elementor-element elementor-widget elementor-widget-text-editor\" data-element_type=\"widget\" data-widget_type=\"text-editor.default\"><div class=\"elementor-widget-container\"><div class=\"unitsContainer areaContainer\">\r\n        <div class=\"icon icon-sports\" data-x=\"205\" data-y=\"743\" data-zoom=\"200\"><div class=\"img\"><\/div><div class=\"txt\">Sports Area<\/div><\/div>\r\n        <div class=\"icon icon-pool\" data-x=\"227\" data-y=\"547\" data-zoom=\"200\"><div class=\"img\"><\/div><div class=\"txt\">Pool <sup>new<\/sup><\/div><\/div>\r\n        <div class=\"icon icon-playroom\" data-x=\"535\" data-y=\"600\" data-zoom=\"200\"><div class=\"img\"><\/div><div class=\"txt\">Play room<\/div><\/div>\r\n        <div class=\"icon icon-kidsclub\" data-x=\"1000\" data-y=\"250\" data-zoom=\"200\"><div class=\"img\"><\/div><div class=\"txt\">Kids club <sup>new<\/sup><\/div><\/div>\r\n        <div class=\"icon icon-loungetv\" data-x=\"545\" data-y=\"600\" data-zoom=\"200\"><div class=\"img\"><\/div><div class=\"txt\">Lounge tv<\/div><\/div>\r\n        <div class=\"icon icon-fitness\" data-x=\"1185\" data-y=\"650\" data-zoom=\"200\"><div class=\"img\"><\/div><div class=\"txt\">Fitness area <sup>new<\/sup><\/div><\/div>\r\n        <div class=\"icon icon-arena\" data-x=\"1100\" data-y=\"240\" data-zoom=\"200\"><div class=\"img\"><\/div><div class=\"txt\">Arena<\/div><\/div>\r\n        <div class=\"icon icon-beach\" data-x=\"1370\" data-y=\"410\" data-zoom=\"130\"><div class=\"img\"><\/div><div class=\"txt\">Beach<\/div><\/div>\r\n        <div class=\"icon icon-beachvolley\" data-x=\"1300\" data-y=\"728\" data-zoom=\"160\"><div class=\"img\"><\/div><div class=\"txt\">Beach volley<\/div><\/div>\r\n        <div class=\"icon icon-reception\" data-x=\"596\" data-y=\"641\" data-zoom=\"200\"><div class=\"img\"><\/div><div class=\"txt\">Reception<\/div><\/div>\r\n        <div class=\"icon icon-restaurant\" data-x=\"1165\" data-y=\"228\" data-zoom=\"200\"><div class=\"img\"><\/div><div class=\"txt\">Restaurant Pizzeria<\/div><\/div>\r\n        <div class=\"icon icon-cabine\" data-x=\"1230\" data-y=\"590\" data-zoom=\"200\"><div class=\"img\"><\/div><div class=\"txt\">Umkleide\/WC<\/div><\/div>\r\n        <div class=\"icon icon-cabinaspiaggia\" data-x=\"1283\" data-y=\"475\" data-zoom=\"200\"><div class=\"img\"><\/div><div class=\"txt\">Strandkabine<\/div><\/div>\r\n        <div class=\"icon icon-beachbar\" data-x=\"1215\" data-y=\"225\" data-zoom=\"200\"><div class=\"img\"><\/div><div class=\"txt\">Beach Bar<\/div><\/div>\r\n        <div class=\"icon icon-bikepoint\" data-x=\"430\" data-y=\"700\" data-zoom=\"250\"><div class=\"img\"><\/div><div class=\"txt\">Bike Point<\/div><\/div>\r\n    <\/div><\/div><\/div><\/div><\/details><\/div><\/div><\/div><\/div>\r\n            <\/div>\r\n        <\/div>\r\n    <\/div><\/div><\/div>\n\t\t\t\t\t\t<\/div>\n\t\t\t\t<\/div>\n\t\t\t\t\t<\/div>\n\t\t<\/div>\n\t\t\t\t\t<\/div>\n\t\t<\/section>\n\t\t\t\t<\/div>\n\t\t","protected":false},"excerpt":{"rendered":"<p>Mappe<\/p>\n","protected":false},"author":1,"featured_media":0,"parent":2329,"menu_order":5,"comment_status":"closed","ping_status":"closed","template":"elementor_header_footer","meta":{"_acf_changed":false,"footnotes":""},"class_list":["post-2235","page","type-page","status-publish","hentry"],"acf":[],"yoast_head":"<!-- This site is optimized with the Yoast SEO plugin v26.9 - https:\/\/yoast.com\/product\/yoast-seo-wordpress\/ -->\n<title>Mappe - Park Gallanti<\/title>\n<meta name=\"description\" content=\"Konsultieren Sie die interaktive Karte von Park Gallanti: entdecken Sie die Lage der Unterk\u00fcnfte, Dienstleistungen, Schwimmb\u00e4der, Restaurants und Strand. Planen Sie Ihren Aufenthalt auf die bestm\u00f6gliche Weise!\" \/>\n<meta name=\"robots\" content=\"index, follow, max-snippet:-1, max-image-preview:large, max-video-preview:-1\" \/>\n<link rel=\"canonical\" href=\"https:\/\/www.parkgallanti.com\/de\/buchen\/lageplan\/\" \/>\n<meta property=\"og:locale\" content=\"de_DE\" \/>\n<meta property=\"og:type\" content=\"article\" \/>\n<meta property=\"og:title\" content=\"Mappe - Park Gallanti\" \/>\n<meta property=\"og:description\" content=\"Konsultieren Sie die interaktive Karte von Park Gallanti: entdecken Sie die Lage der Unterk\u00fcnfte, Dienstleistungen, Schwimmb\u00e4der, Restaurants und Strand. Planen Sie Ihren Aufenthalt auf die bestm\u00f6gliche Weise!\" \/>\n<meta property=\"og:url\" content=\"https:\/\/www.parkgallanti.com\/de\/buchen\/lageplan\/\" \/>\n<meta property=\"og:site_name\" content=\"Park Gallanti\" \/>\n<meta property=\"article:publisher\" content=\"https:\/\/www.facebook.com\/parkgallantivillage\/\" \/>\n<meta property=\"article:modified_time\" content=\"2025-05-30T07:27:20+00:00\" \/>\n<meta name=\"twitter:card\" content=\"summary_large_image\" \/>\n<script type=\"application\/ld+json\" class=\"yoast-schema-graph\">{\"@context\":\"https:\/\/schema.org\",\"@graph\":[{\"@type\":\"WebPage\",\"@id\":\"https:\/\/www.parkgallanti.com\/de\/buchen\/lageplan\/\",\"url\":\"https:\/\/www.parkgallanti.com\/de\/buchen\/lageplan\/\",\"name\":\"Mappe - Park Gallanti\",\"isPartOf\":{\"@id\":\"https:\/\/www.parkgallanti.com\/de\/#website\"},\"datePublished\":\"2018-02-21T09:46:00+00:00\",\"dateModified\":\"2025-05-30T07:27:20+00:00\",\"description\":\"Konsultieren Sie die interaktive Karte von Park Gallanti: entdecken Sie die Lage der Unterk\u00fcnfte, Dienstleistungen, Schwimmb\u00e4der, Restaurants und Strand. Planen Sie Ihren Aufenthalt auf die bestm\u00f6gliche Weise!\",\"breadcrumb\":{\"@id\":\"https:\/\/www.parkgallanti.com\/de\/buchen\/lageplan\/#breadcrumb\"},\"inLanguage\":\"de\",\"potentialAction\":[{\"@type\":\"ReadAction\",\"target\":[\"https:\/\/www.parkgallanti.com\/de\/buchen\/lageplan\/\"]}]},{\"@type\":\"BreadcrumbList\",\"@id\":\"https:\/\/www.parkgallanti.com\/de\/buchen\/lageplan\/#breadcrumb\",\"itemListElement\":[{\"@type\":\"ListItem\",\"position\":1,\"name\":\"Home\",\"item\":\"https:\/\/www.parkgallanti.com\/de\/\"},{\"@type\":\"ListItem\",\"position\":2,\"name\":\"Buchen\",\"item\":\"https:\/\/www.parkgallanti.com\/de\/buchen\/\"},{\"@type\":\"ListItem\",\"position\":3,\"name\":\"Mappe\"}]},{\"@type\":\"WebSite\",\"@id\":\"https:\/\/www.parkgallanti.com\/de\/#website\",\"url\":\"https:\/\/www.parkgallanti.com\/de\/\",\"name\":\"Park Gallanti\",\"description\":\"Camping - Lido di Pomposa - Park Gallanti\",\"publisher\":{\"@id\":\"https:\/\/www.parkgallanti.com\/de\/#organization\"},\"potentialAction\":[{\"@type\":\"SearchAction\",\"target\":{\"@type\":\"EntryPoint\",\"urlTemplate\":\"https:\/\/www.parkgallanti.com\/de\/?s={search_term_string}\"},\"query-input\":{\"@type\":\"PropertyValueSpecification\",\"valueRequired\":true,\"valueName\":\"search_term_string\"}}],\"inLanguage\":\"de\"},{\"@type\":\"Organization\",\"@id\":\"https:\/\/www.parkgallanti.com\/de\/#organization\",\"name\":\"Park Gallanti\",\"url\":\"https:\/\/www.parkgallanti.com\/de\/\",\"logo\":{\"@type\":\"ImageObject\",\"inLanguage\":\"de\",\"@id\":\"https:\/\/www.parkgallanti.com\/de\/#\/schema\/logo\/image\/\",\"url\":\"https:\/\/www.parkgallanti.com\/wp-content\/uploads\/2021\/03\/logo-orizontale-misto.svg\",\"contentUrl\":\"https:\/\/www.parkgallanti.com\/wp-content\/uploads\/2021\/03\/logo-orizontale-misto.svg\",\"caption\":\"Park Gallanti\"},\"image\":{\"@id\":\"https:\/\/www.parkgallanti.com\/de\/#\/schema\/logo\/image\/\"},\"sameAs\":[\"https:\/\/www.facebook.com\/parkgallantivillage\/\",\"https:\/\/www.instagram.com\/parkgallantivillage\/\",\"https:\/\/www.youtube.com\/channel\/UCrAlvn_n-v15qnk_lR-ZUWA\"]}]}<\/script>\n<!-- \/ Yoast SEO plugin. -->","yoast_head_json":{"title":"Mappe - Park Gallanti","description":"Konsultieren Sie die interaktive Karte von Park Gallanti: entdecken Sie die Lage der Unterk\u00fcnfte, Dienstleistungen, Schwimmb\u00e4der, Restaurants und Strand. Planen Sie Ihren Aufenthalt auf die bestm\u00f6gliche Weise!","robots":{"index":"index","follow":"follow","max-snippet":"max-snippet:-1","max-image-preview":"max-image-preview:large","max-video-preview":"max-video-preview:-1"},"canonical":"https:\/\/www.parkgallanti.com\/de\/buchen\/lageplan\/","og_locale":"de_DE","og_type":"article","og_title":"Mappe - Park Gallanti","og_description":"Konsultieren Sie die interaktive Karte von Park Gallanti: entdecken Sie die Lage der Unterk\u00fcnfte, Dienstleistungen, Schwimmb\u00e4der, Restaurants und Strand. Planen Sie Ihren Aufenthalt auf die bestm\u00f6gliche Weise!","og_url":"https:\/\/www.parkgallanti.com\/de\/buchen\/lageplan\/","og_site_name":"Park Gallanti","article_publisher":"https:\/\/www.facebook.com\/parkgallantivillage\/","article_modified_time":"2025-05-30T07:27:20+00:00","twitter_card":"summary_large_image","schema":{"@context":"https:\/\/schema.org","@graph":[{"@type":"WebPage","@id":"https:\/\/www.parkgallanti.com\/de\/buchen\/lageplan\/","url":"https:\/\/www.parkgallanti.com\/de\/buchen\/lageplan\/","name":"Mappe - Park Gallanti","isPartOf":{"@id":"https:\/\/www.parkgallanti.com\/de\/#website"},"datePublished":"2018-02-21T09:46:00+00:00","dateModified":"2025-05-30T07:27:20+00:00","description":"Konsultieren Sie die interaktive Karte von Park Gallanti: entdecken Sie die Lage der Unterk\u00fcnfte, Dienstleistungen, Schwimmb\u00e4der, Restaurants und Strand. Planen Sie Ihren Aufenthalt auf die bestm\u00f6gliche Weise!","breadcrumb":{"@id":"https:\/\/www.parkgallanti.com\/de\/buchen\/lageplan\/#breadcrumb"},"inLanguage":"de","potentialAction":[{"@type":"ReadAction","target":["https:\/\/www.parkgallanti.com\/de\/buchen\/lageplan\/"]}]},{"@type":"BreadcrumbList","@id":"https:\/\/www.parkgallanti.com\/de\/buchen\/lageplan\/#breadcrumb","itemListElement":[{"@type":"ListItem","position":1,"name":"Home","item":"https:\/\/www.parkgallanti.com\/de\/"},{"@type":"ListItem","position":2,"name":"Buchen","item":"https:\/\/www.parkgallanti.com\/de\/buchen\/"},{"@type":"ListItem","position":3,"name":"Mappe"}]},{"@type":"WebSite","@id":"https:\/\/www.parkgallanti.com\/de\/#website","url":"https:\/\/www.parkgallanti.com\/de\/","name":"Park Gallanti","description":"Camping - Lido di Pomposa - Park Gallanti","publisher":{"@id":"https:\/\/www.parkgallanti.com\/de\/#organization"},"potentialAction":[{"@type":"SearchAction","target":{"@type":"EntryPoint","urlTemplate":"https:\/\/www.parkgallanti.com\/de\/?s={search_term_string}"},"query-input":{"@type":"PropertyValueSpecification","valueRequired":true,"valueName":"search_term_string"}}],"inLanguage":"de"},{"@type":"Organization","@id":"https:\/\/www.parkgallanti.com\/de\/#organization","name":"Park Gallanti","url":"https:\/\/www.parkgallanti.com\/de\/","logo":{"@type":"ImageObject","inLanguage":"de","@id":"https:\/\/www.parkgallanti.com\/de\/#\/schema\/logo\/image\/","url":"https:\/\/www.parkgallanti.com\/wp-content\/uploads\/2021\/03\/logo-orizontale-misto.svg","contentUrl":"https:\/\/www.parkgallanti.com\/wp-content\/uploads\/2021\/03\/logo-orizontale-misto.svg","caption":"Park Gallanti"},"image":{"@id":"https:\/\/www.parkgallanti.com\/de\/#\/schema\/logo\/image\/"},"sameAs":["https:\/\/www.facebook.com\/parkgallantivillage\/","https:\/\/www.instagram.com\/parkgallantivillage\/","https:\/\/www.youtube.com\/channel\/UCrAlvn_n-v15qnk_lR-ZUWA"]}]}},"_links":{"self":[{"href":"https:\/\/www.parkgallanti.com\/de\/wp-json\/wp\/v2\/pages\/2235","targetHints":{"allow":["GET"]}}],"collection":[{"href":"https:\/\/www.parkgallanti.com\/de\/wp-json\/wp\/v2\/pages"}],"about":[{"href":"https:\/\/www.parkgallanti.com\/de\/wp-json\/wp\/v2\/types\/page"}],"author":[{"embeddable":true,"href":"https:\/\/www.parkgallanti.com\/de\/wp-json\/wp\/v2\/users\/1"}],"replies":[{"embeddable":true,"href":"https:\/\/www.parkgallanti.com\/de\/wp-json\/wp\/v2\/comments?post=2235"}],"version-history":[{"count":2,"href":"https:\/\/www.parkgallanti.com\/de\/wp-json\/wp\/v2\/pages\/2235\/revisions"}],"predecessor-version":[{"id":24917,"href":"https:\/\/www.parkgallanti.com\/de\/wp-json\/wp\/v2\/pages\/2235\/revisions\/24917"}],"up":[{"embeddable":true,"href":"https:\/\/www.parkgallanti.com\/de\/wp-json\/wp\/v2\/pages\/2329"}],"wp:attachment":[{"href":"https:\/\/www.parkgallanti.com\/de\/wp-json\/wp\/v2\/media?parent=2235"}],"curies":[{"name":"wp","href":"https:\/\/api.w.org\/{rel}","templated":true}]}}